{"id":285,"date":"2016-02-24T09:07:24","date_gmt":"2016-02-24T09:07:24","guid":{"rendered":"http:\/\/sktthemesdemo.net\/complete\/?page_id=285"},"modified":"2020-08-13T15:34:40","modified_gmt":"2020-08-13T15:34:40","slug":"about-us","status":"publish","type":"page","link":"https:\/\/hotel-b54.de\/?page_id=285","title":{"rendered":"Impressum"},"content":{"rendered":"<p class=\"text-center\" style=\"text-align: center;\"><strong>Hauptsitz:<\/strong><br \/>\nHotel B54 GmbH<br \/>\nBlumenstr. 54<br \/>\n69115 Heidelberg<\/p>\n<p class=\"text-center\" style=\"text-align: center;\"><strong>Vertreten durch:<\/strong><br \/>\nDr. Zhou Zhao<br \/>\nBlumenstra\u00dfe. 54<br \/>\n69115 Heidelberg<\/p>\n<p class=\"text-center\" style=\"text-align: center;\">Telefon: 06221 6731456<br \/>\nFax: 06221 7250376<br \/>\nE-Mail: <a href=\"mailto:info@hotel-b54.de\">info@hotel-b54.de<\/a><\/p>\n<p style=\"text-align: center;\"><strong>Registereintragung<\/strong>:<br \/>\nEintragung im Handelsregister<br \/>\nRegistergericht: Amtsgericht Mannheim<br \/>\nRegisternummer: HRB 736611<br \/>\nUmsatzsteuer-ID: DE330571174<\/p>\n<hr \/>\n<p class=\"text-center\" style=\"text-align: center;\"><strong>Aufsichtsbeh\u00f6rde<\/strong>:<br \/>\nLandratsamt Heidelberg<\/p>\n<p style=\"text-align: center;\"><strong>Inhaltlich verantwortlich gem\u00e4\u00df \u00a75 TMG<\/strong><br \/>\nDr. Zhou Zhao (Anschrift s. o.)<\/p>\n<p class=\"text-center\">\n","protected":false},"excerpt":{"rendered":"<p>Hauptsitz: Hotel B54 GmbH Blumenstr. 54 69115 Heidelberg Vertreten durch: Dr. Zhou Zhao Blumenstra\u00dfe. 54 69115 Heidelberg Telefon: 06221 6731456 Fax: 06221 7250376 E-Mail: info@hotel-b54.de Registereintragung: Eintragung im Handelsregister Registergericht: Amtsgericht Mannheim Registernummer: HRB 736611 Umsatzsteuer-ID: DE330571174 Aufsichtsbeh\u00f6rde: Landratsamt Heidelberg Inhaltlich verantwortlich gem\u00e4\u00df \u00a75 TMG Dr. Zhou Zhao (Anschrift s. o.)<\/p>\n","protected":false},"author":1,"featured_media":0,"parent":0,"menu_order":0,"comment_status":"closed","ping_status":"closed","template":"templates\/page-fullwidth_template.php","meta":{"om_disable_all_campaigns":false,"footnotes":""},"class_list":["post-285","page","type-page","status-publish","hentry"],"_links":{"self":[{"href":"https:\/\/hotel-b54.de\/index.php?rest_route=\/wp\/v2\/pages\/285","targetHints":{"allow":["GET"]}}],"collection":[{"href":"https:\/\/hotel-b54.de\/index.php?rest_route=\/wp\/v2\/pages"}],"about":[{"href":"https:\/\/hotel-b54.de\/index.php?rest_route=\/wp\/v2\/types\/page"}],"author":[{"embeddable":true,"href":"https:\/\/hotel-b54.de\/index.php?rest_route=\/wp\/v2\/users\/1"}],"replies":[{"embeddable":true,"href":"https:\/\/hotel-b54.de\/index.php?rest_route=%2Fwp%2Fv2%2Fcomments&post=285"}],"version-history":[{"count":3,"href":"https:\/\/hotel-b54.de\/index.php?rest_route=\/wp\/v2\/pages\/285\/revisions"}],"predecessor-version":[{"id":5348,"href":"https:\/\/hotel-b54.de\/index.php?rest_route=\/wp\/v2\/pages\/285\/revisions\/5348"}],"wp:attachment":[{"href":"https:\/\/hotel-b54.de\/index.php?rest_route=%2Fwp%2Fv2%2Fmedia&parent=285"}],"curies":[{"name":"wp","href":"https:\/\/api.w.org\/{rel}","templated":true}]}}